{"id":428,"date":"2023-06-27T06:39:23","date_gmt":"2023-06-27T06:39:23","guid":{"rendered":"https:\/\/html.tonatheme.com\/wp\/industrypress\/?page_id=428"},"modified":"2025-10-02T08:30:26","modified_gmt":"2025-10-02T08:30:26","slug":"hakkimizda","status":"publish","type":"page","link":"https:\/\/poyrazgolden.com\/?page_id=428","title":{"rendered":"Hakk\u0131m\u0131zda"},"content":{"rendered":"\t\t<div data-elementor-type=\"wp-page\" data-elementor-id=\"428\" class=\"elementor elementor-428\">\n\t\t\t\t\t\t<section class=\"elementor-section elementor-top-section elementor-element elementor-element-2ab51a0 elementor-section-boxed elementor-section-height-default elementor-section-height-default\" data-id=\"2ab51a0\" data-element_type=\"section\">\n\t\t\t\t\t\t<div class=\"elementor-container elementor-column-gap-no\">\n\t\t\t\t\t<div class=\"elementor-column elementor-col-50 elementor-top-column elementor-element elementor-element-4f6b67c\" data-id=\"4f6b67c\" data-element_type=\"column\">\n\t\t\t<div class=\"elementor-widget-wrap elementor-element-populated\">\n\t\t\t\t\t\t<div class=\"elementor-element elementor-element-852e776 elementor-widget elementor-widget-wpsection_video_gallery\" data-id=\"852e776\" data-element_type=\"widget\" data-widget_type=\"wpsection_video_gallery.default\">\n\t\t\t\t<div class=\"elementor-widget-container\">\n\t\t\t\t\t\t\t\n\t\t\n\n\t  <script>\n\t  jQuery(document).ready(function($)\n\t  {\n\t \n\t \/\/put the js code under this line \n\t\n\t \/\/put the code above the line \n\t \n\t   });\n\t <\/script><section class=\"welcome-industry-area \">\n    <div class=\"container\">\n        <div class=\"row\">\n            <div class=\"col-md-6\">\n                <div class=\"video-gallery-bg\">\n                    <div class=\"video-gallery\">    \n                           \n                        <img decoding=\"async\" src=\"https:\/\/poyrazgolden.com\/wp-content\/uploads\/2025\/10\/makine-01.jpeg\" alt=\"\"\/>\n                           \n                        <div class=\"overlay-gallery\">\n                            <div class=\"box\">\n                                <div class=\"content\">\n                                    <a class=\"video-popup\" href=\"\">\n                                           \n                                        <img decoding=\"async\" src=\"https:\/\/poyrazgolden.com\/wp-content\/uploads\/2023\/06\/play-btn.png\" alt=\"\"\/>\n                                                                            <\/a>\n                                <\/div>\n                            <\/div>\n                        <\/div>\n                    <\/div>\n                <\/div>\n            <\/div>\n        <\/div>\n    <\/div>     \n<\/section>\n             \n\t\t\t\t\t\t<\/div>\n\t\t\t\t<\/div>\n\t\t\t\t\t<\/div>\n\t\t<\/div>\n\t\t\t\t<div class=\"elementor-column elementor-col-50 elementor-top-column elementor-element elementor-element-2b3f1e9\" data-id=\"2b3f1e9\" data-element_type=\"column\">\n\t\t\t<div class=\"elementor-widget-wrap elementor-element-populated\">\n\t\t\t\t\t\t<div class=\"elementor-element elementor-element-c738c9c elementor-widget elementor-widget-text-editor\" data-id=\"c738c9c\" data-element_type=\"widget\" data-widget_type=\"text-editor.default\">\n\t\t\t\t\t\t\t\t\t<p>Poyraz Golden<\/p>\t\t\t\t\t\t\t\t<\/div>\n\t\t\t\t<div class=\"elementor-element elementor-element-c945cd0 elementor-widget elementor-widget-heading\" data-id=\"c945cd0\" data-element_type=\"widget\" data-widget_type=\"heading.default\">\n\t\t\t\t\t<h2 class=\"elementor-heading-title elementor-size-default\">Hakk\u0131m\u0131zda<\/h2>\t\t\t\t<\/div>\n\t\t\t\t<div class=\"elementor-element elementor-element-067355f elementor-widget elementor-widget-heading\" data-id=\"067355f\" data-element_type=\"widget\" data-widget_type=\"heading.default\">\n\t\t\t\t\t<h3 class=\"elementor-heading-title elementor-size-default\">Poyraz Golden \u2013 Yerli \u00dcretim, G\u00fc\u00e7l\u00fc Teknoloji<\/h3>\t\t\t\t<\/div>\n\t\t\t\t<div class=\"elementor-element elementor-element-4d116ff elementor-widget__width-auto elementor-widget elementor-widget-heading\" data-id=\"4d116ff\" data-element_type=\"widget\" data-widget_type=\"heading.default\">\n\t\t\t\t\t<h3 class=\"elementor-heading-title elementor-size-default\">S\u0131n\u0131rs\u0131z <\/h3>\t\t\t\t<\/div>\n\t\t\t\t<div class=\"elementor-element elementor-element-32ff363 elementor-widget__width-auto elementor-widget elementor-widget-heading\" data-id=\"32ff363\" data-element_type=\"widget\" data-widget_type=\"heading.default\">\n\t\t\t\t\t<h3 class=\"elementor-heading-title elementor-size-default\">Zincir \u00c7\u00f6z\u00fcmleri<\/h3>\t\t\t\t<\/div>\n\t\t\t\t<div class=\"elementor-element elementor-element-a1b7949 elementor-widget elementor-widget-text-editor\" data-id=\"a1b7949\" data-element_type=\"widget\" data-widget_type=\"text-editor.default\">\n\t\t\t\t\t\t\t\t\t<p data-start=\"213\" data-end=\"487\">Poyraz Golden, alt\u0131n zincir i\u015fleme makineleri alan\u0131nda yerli \u00fcretim g\u00fcc\u00fcyle \u00f6ne \u00e7\u0131kan bir markad\u0131r. Sekt\u00f6rdeki tecr\u00fcbemiz ve m\u00fchendislik bilgimizle geli\u015ftirdi\u011fimiz makineler, istenilen t\u00fcrde zincir \u00f6rme imk\u00e2n\u0131 sunarak kuyumculuk sekt\u00f6r\u00fcne yenilik\u00e7i \u00e7\u00f6z\u00fcmler sa\u011flamaktad\u0131r.<\/p><p data-start=\"489\" data-end=\"740\">Tamamen T\u00fcrkiye\u2019de \u00fcretilen makinelerimiz, y\u00fcksek kalite standartlar\u0131, dayan\u0131kl\u0131l\u0131k ve kullan\u0131m kolayl\u0131\u011f\u0131yla fark yarat\u0131r. Poyraz Golden olarak amac\u0131m\u0131z; m\u00fc\u015fterilerimize sadece bir makine de\u011fil, \u00fcretim s\u00fcre\u00e7lerinde g\u00fcvenilir bir i\u015f orta\u011f\u0131 sunmakt\u0131r.<\/p><p data-start=\"742\" data-end=\"1015\">Geli\u015fen teknolojiye uyum sa\u011flayan tasar\u0131mlar\u0131m\u0131zla, hem yurti\u00e7inde hem de yurtd\u0131\u015f\u0131nda tercih edilen bir marka olman\u0131n gururunu ya\u015f\u0131yoruz. Yerli \u00fcretimin g\u00fcc\u00fcne inan\u0131yor, \u00fclke ekonomisine katk\u0131 sa\u011flaman\u0131n yan\u0131 s\u0131ra kuyumculuk sekt\u00f6r\u00fcnde katma de\u011fer yaratmay\u0131 hedefliyoruz.<\/p>\t\t\t\t\t\t\t\t<\/div>\n\t\t\t\t<div class=\"elementor-element elementor-element-f8db876 elementor-absolute e-transform elementor-widget__width-initial elementor-widget-divider--view-line elementor-widget elementor-widget-divider\" data-id=\"f8db876\" data-element_type=\"widget\" data-settings=\"{&quot;_position&quot;:&quot;absolute&quot;,&quot;_transform_rotateZ_effect&quot;:{&quot;unit&quot;:&quot;px&quot;,&quot;size&quot;:89,&quot;sizes&quot;:[]},&quot;_transform_rotateZ_effect_tablet&quot;:{&quot;unit&quot;:&quot;deg&quot;,&quot;size&quot;:&quot;&quot;,&quot;sizes&quot;:[]},&quot;_transform_rotateZ_effect_mobile&quot;:{&quot;unit&quot;:&quot;deg&quot;,&quot;size&quot;:&quot;&quot;,&quot;sizes&quot;:[]}}\" data-widget_type=\"divider.default\">\n\t\t\t\t\t\t\t<div class=\"elementor-divider\">\n\t\t\t<span class=\"elementor-divider-separator\">\n\t\t\t\t\t\t<\/span>\n\t\t<\/div>\n\t\t\t\t\t\t<\/div>\n\t\t\t\t\t<\/div>\n\t\t<\/div>\n\t\t\t\t\t<\/div>\n\t\t<\/section>\n\t\t\t\t<section class=\"elementor-section elementor-top-section elementor-element elementor-element-1666300 elementor-section-boxed elementor-section-height-default elementor-section-height-default\" data-id=\"1666300\" data-element_type=\"section\" data-settings=\"{&quot;background_background&quot;:&quot;classic&quot;}\">\n\t\t\t\t\t\t<div class=\"elementor-container elementor-column-gap-no\">\n\t\t\t\t\t<div class=\"elementor-column elementor-col-100 elementor-top-column elementor-element elementor-element-e906d5b\" data-id=\"e906d5b\" data-element_type=\"column\">\n\t\t\t<div class=\"elementor-widget-wrap elementor-element-populated\">\n\t\t\t\t\t\t<div class=\"elementor-element elementor-element-3cd1a29 elementor-widget elementor-widget-heading\" data-id=\"3cd1a29\" data-element_type=\"widget\" data-widget_type=\"heading.default\">\n\t\t\t\t\t<h1 class=\"elementor-heading-title elementor-size-default\">M\u00fc\u015fterilerimizin \u00fcretim yolculu\u011funda her zaman yan\u0131nday\u0131z. Sat\u0131\u015ftan kuruluma, teknik destekten sat\u0131\u015f sonras\u0131 hizmete kadar ihtiya\u00e7 duydu\u011funuz her an g\u00fcvenle ula\u015fabilece\u011finiz bir i\u015f orta\u011f\u0131y\u0131z.<\/h1>\t\t\t\t<\/div>\n\t\t\t\t<div class=\"elementor-element elementor-element-aa09f0b elementor-align-center elementor-widget elementor-widget-button\" data-id=\"aa09f0b\" data-element_type=\"widget\" data-widget_type=\"button.default\">\n\t\t\t\t\t\t\t\t\t\t<a class=\"elementor-button elementor-button-link elementor-size-sm\" href=\"https:\/\/poyrazgolden.com\/?page_id=980\">\n\t\t\t\t\t\t<span class=\"elementor-button-content-wrapper\">\n\t\t\t\t\t\t\t\t\t<span class=\"elementor-button-text\">\u0130LET\u0130\u015e\u0130M<\/span>\n\t\t\t\t\t<\/span>\n\t\t\t\t\t<\/a>\n\t\t\t\t\t\t\t\t<\/div>\n\t\t\t\t\t<\/div>\n\t\t<\/div>\n\t\t\t\t\t<\/div>\n\t\t<\/section>\n\t\t\t\t<\/div>\n\t\t","protected":false},"excerpt":{"rendered":"<p>Poyraz Golden Hakk\u0131m\u0131zda Poyraz Golden \u2013 Yerli \u00dcretim, G\u00fc\u00e7l\u00fc Teknoloji S\u0131n\u0131rs\u0131z Zincir \u00c7\u00f6z\u00fcmleri Poyraz Golden, alt\u0131n zincir i\u015fleme makineleri alan\u0131nda yerli \u00fcretim g\u00fcc\u00fcyle \u00f6ne \u00e7\u0131kan bir markad\u0131r. Sekt\u00f6rdeki tecr\u00fcbemiz ve m\u00fchendislik bilgimizle geli\u015ftirdi\u011fimiz makineler, istenilen t\u00fcrde zincir \u00f6rme imk\u00e2n\u0131 sunarak kuyumculuk sekt\u00f6r\u00fcne yenilik\u00e7i \u00e7\u00f6z\u00fcmler sa\u011flamaktad\u0131r. Tamamen T\u00fcrkiye\u2019de \u00fcretilen makinelerimiz, y\u00fcksek kalite standartlar\u0131, dayan\u0131kl\u0131l\u0131k ve kullan\u0131m [&hellip;]<\/p>\n","protected":false},"author":1,"featured_media":0,"parent":0,"menu_order":0,"comment_status":"closed","ping_status":"closed","template":"tpl-default-elementor.php","meta":{"footnotes":""},"class_list":["post-428","page","type-page","status-publish","hentry"],"_links":{"self":[{"href":"https:\/\/poyrazgolden.com\/index.php?rest_route=\/wp\/v2\/pages\/428","targetHints":{"allow":["GET"]}}],"collection":[{"href":"https:\/\/poyrazgolden.com\/index.php?rest_route=\/wp\/v2\/pages"}],"about":[{"href":"https:\/\/poyrazgolden.com\/index.php?rest_route=\/wp\/v2\/types\/page"}],"author":[{"embeddable":true,"href":"https:\/\/poyrazgolden.com\/index.php?rest_route=\/wp\/v2\/users\/1"}],"replies":[{"embeddable":true,"href":"https:\/\/poyrazgolden.com\/index.php?rest_route=%2Fwp%2Fv2%2Fcomments&post=428"}],"version-history":[{"count":23,"href":"https:\/\/poyrazgolden.com\/index.php?rest_route=\/wp\/v2\/pages\/428\/revisions"}],"predecessor-version":[{"id":1820,"href":"https:\/\/poyrazgolden.com\/index.php?rest_route=\/wp\/v2\/pages\/428\/revisions\/1820"}],"wp:attachment":[{"href":"https:\/\/poyrazgolden.com\/index.php?rest_route=%2Fwp%2Fv2%2Fmedia&parent=428"}],"curies":[{"name":"wp","href":"https:\/\/api.w.org\/{rel}","templated":true}]}}