{"id":667,"date":"2023-07-02T08:07:21","date_gmt":"2023-07-02T08:07:21","guid":{"rendered":"https:\/\/html.tonatheme.com\/wp\/industrypress\/?page_id=667"},"modified":"2025-10-21T07:16:04","modified_gmt":"2025-10-21T07:16:04","slug":"makine-cesitleri","status":"publish","type":"page","link":"https:\/\/poyrazgolden.com\/?page_id=667","title":{"rendered":"Makine \u00c7e\u015fitleri"},"content":{"rendered":"\t\t<div data-elementor-type=\"wp-page\" data-elementor-id=\"667\" class=\"elementor elementor-667\">\n\t\t\t\t\t\t<section class=\"elementor-section elementor-top-section elementor-element elementor-element-c84ade0 elementor-section-full_width elementor-section-height-default elementor-section-height-default\" data-id=\"c84ade0\" data-element_type=\"section\">\n\t\t\t\t\t\t<div class=\"elementor-container elementor-column-gap-no\">\n\t\t\t\t\t<div class=\"elementor-column elementor-col-100 elementor-top-column elementor-element elementor-element-fce066d\" data-id=\"fce066d\" data-element_type=\"column\">\n\t\t\t<div class=\"elementor-widget-wrap elementor-element-populated\">\n\t\t\t\t\t\t<section class=\"elementor-section elementor-inner-section elementor-element elementor-element-ff04aec elementor-section-boxed elementor-section-height-default elementor-section-height-default\" data-id=\"ff04aec\" data-element_type=\"section\">\n\t\t\t\t\t\t<div class=\"elementor-container elementor-column-gap-no\">\n\t\t\t\t\t<div class=\"elementor-column elementor-col-33 elementor-inner-column elementor-element elementor-element-467eea4\" data-id=\"467eea4\" data-element_type=\"column\">\n\t\t\t<div class=\"elementor-widget-wrap elementor-element-populated\">\n\t\t\t\t\t\t<div class=\"elementor-element elementor-element-0d4768e elementor-widget__width-initial elementor-widget elementor-widget-wpsection_wi_catagory\" data-id=\"0d4768e\" data-element_type=\"widget\" data-widget_type=\"wpsection_wi_catagory.default\">\n\t\t\t\t<div class=\"elementor-widget-container\">\n\t\t\t\t\t\t\t\n\t\t\n\n\t  <script>\n\t  jQuery(document).ready(function($)\n\t  {\n\t \n\t \/\/put the js code under this line \n\t\n\t \/\/put the code above the line \n\t \n\t   });\n\t <\/script>\n<section id=\"solution-single-area\" class=\"chemical-research-area\">\n\t<div class=\"sidebar\">\n\t\t<!--Start single sidebar item-->\n\t\t<div class=\"single-sidebar-item\">\n\t\t\t<ul class=\"solution-categories\">\n\t\t\t\t\t\t\t\t\t\t\t\t<li class=\"active\">\n\t\t\t\t\t<a href=\"\">Makine \u00c7e\u015fitleri\t\t\t\t\t\t<i class=\"fas fa-caret-right pull-right\" aria-hidden=\"true\"><\/i>\n\t\t\t\t\t<\/a>\n\t\t\t\t<\/li>\n\t\t\t\t\t\t\t\t\t\t\t\t\t\t\t\t<li>\n\t\t\t\t\t<a href=\"https:\/\/poyrazgolden.com\/?page_id=870\">Elmas U\u00e7lar\t\t\t\t\t\t<i class=\"fas fa-caret-right pull-right\" aria-hidden=\"true\"><\/i>\n\t\t\t\t\t<\/a>\n\t\t\t\t<\/li>\n\t\t\t\t\t\t\t\t\t\t\t<\/ul>    \n\t\t<\/div>\n\t<\/div> \n<\/section>\n\n\n             \n\t\t\t\t\t\t<\/div>\n\t\t\t\t<\/div>\n\t\t\t\t<div class=\"elementor-element elementor-element-020aa1a elementor-widget-divider--view-line elementor-widget elementor-widget-divider\" data-id=\"020aa1a\" data-element_type=\"widget\" data-widget_type=\"divider.default\">\n\t\t\t\t\t\t\t<div class=\"elementor-divider\">\n\t\t\t<span class=\"elementor-divider-separator\">\n\t\t\t\t\t\t<\/span>\n\t\t<\/div>\n\t\t\t\t\t\t<\/div>\n\t\t\t\t\t<\/div>\n\t\t<\/div>\n\t\t\t\t<div class=\"elementor-column elementor-col-33 elementor-inner-column elementor-element elementor-element-94cc4ee\" data-id=\"94cc4ee\" data-element_type=\"column\">\n\t\t\t<div class=\"elementor-widget-wrap elementor-element-populated\">\n\t\t\t\t\t\t<div class=\"elementor-element elementor-element-342949a elementor-widget__width-initial elementor-widget elementor-widget-image\" data-id=\"342949a\" data-element_type=\"widget\" data-widget_type=\"image.default\">\n\t\t\t\t\t\t\t\t\t\t\t\t\t\t\t<img fetchpriority=\"high\" decoding=\"async\" width=\"525\" height=\"525\" src=\"https:\/\/poyrazgolden.com\/wp-content\/uploads\/2025\/10\/makine-1-1024x1024.jpeg\" class=\"attachment-large size-large wp-image-1730\" alt=\"\" srcset=\"https:\/\/poyrazgolden.com\/wp-content\/uploads\/2025\/10\/makine-1-1024x1024.jpeg 1024w, https:\/\/poyrazgolden.com\/wp-content\/uploads\/2025\/10\/makine-1-300x300.jpeg 300w, https:\/\/poyrazgolden.com\/wp-content\/uploads\/2025\/10\/makine-1-150x150.jpeg 150w, https:\/\/poyrazgolden.com\/wp-content\/uploads\/2025\/10\/makine-1-768x768.jpeg 768w, https:\/\/poyrazgolden.com\/wp-content\/uploads\/2025\/10\/makine-1-1536x1536.jpeg 1536w, https:\/\/poyrazgolden.com\/wp-content\/uploads\/2025\/10\/makine-1-70x70.jpeg 70w, https:\/\/poyrazgolden.com\/wp-content\/uploads\/2025\/10\/makine-1.jpeg 1600w\" sizes=\"(max-width: 525px) 100vw, 525px\" \/>\t\t\t\t\t\t\t\t\t\t\t\t\t\t\t<\/div>\n\t\t\t\t\t<\/div>\n\t\t<\/div>\n\t\t\t\t<div class=\"elementor-column elementor-col-33 elementor-inner-column elementor-element elementor-element-37202f9\" data-id=\"37202f9\" data-element_type=\"column\">\n\t\t\t<div class=\"elementor-widget-wrap elementor-element-populated\">\n\t\t\t\t\t\t<div class=\"elementor-element elementor-element-f2e1806 elementor-widget elementor-widget-heading\" data-id=\"f2e1806\" data-element_type=\"widget\" data-widget_type=\"heading.default\">\n\t\t\t\t\t<h2 class=\"elementor-heading-title elementor-size-default\">Makine no: PM1-350DC<\/h2>\t\t\t\t<\/div>\n\t\t\t\t<div class=\"elementor-element elementor-element-6b11455 elementor-widget-divider--view-line elementor-widget elementor-widget-divider\" data-id=\"6b11455\" data-element_type=\"widget\" data-widget_type=\"divider.default\">\n\t\t\t\t\t\t\t<div class=\"elementor-divider\">\n\t\t\t<span class=\"elementor-divider-separator\">\n\t\t\t\t\t\t<\/span>\n\t\t<\/div>\n\t\t\t\t\t\t<\/div>\n\t\t\t\t<div class=\"elementor-element elementor-element-7ec149c elementor-widget elementor-widget-text-editor\" data-id=\"7ec149c\" data-element_type=\"widget\" data-widget_type=\"text-editor.default\">\n\t\t\t\t\t\t\t\t\t<p class=\"p1\"><b>Golden Chain Ice Lathe makinesi<\/b>, alt\u0131n zincir \u00fcretiminde kullan\u0131lan \u00f6zel bir i\u015fleme makinesidir.<\/p><p class=\"p1\">Bu makine ile <b>d\u00fcz t\u0131ra\u015f i\u015flemi<\/b> y\u00fcksek hassasiyetle yap\u0131l\u0131r ve zincirlere p\u00fcr\u00fczs\u00fcz, estetik bir y\u00fczey kazand\u0131r\u0131l\u0131r.<\/p>\t\t\t\t\t\t\t\t<\/div>\n\t\t\t\t\t<\/div>\n\t\t<\/div>\n\t\t\t\t\t<\/div>\n\t\t<\/section>\n\t\t\t\t<section class=\"elementor-section elementor-inner-section elementor-element elementor-element-8aa5576 elementor-section-boxed elementor-section-height-default elementor-section-height-default\" data-id=\"8aa5576\" data-element_type=\"section\">\n\t\t\t\t\t\t<div class=\"elementor-container elementor-column-gap-no\">\n\t\t\t\t\t<div class=\"elementor-column elementor-col-33 elementor-inner-column elementor-element elementor-element-8628d9c\" data-id=\"8628d9c\" data-element_type=\"column\">\n\t\t\t<div class=\"elementor-widget-wrap elementor-element-populated\">\n\t\t\t\t\t\t<div class=\"elementor-element elementor-element-2ca4b73 elementor-widget-divider--view-line elementor-widget elementor-widget-divider\" data-id=\"2ca4b73\" data-element_type=\"widget\" data-widget_type=\"divider.default\">\n\t\t\t\t\t\t\t<div class=\"elementor-divider\">\n\t\t\t<span class=\"elementor-divider-separator\">\n\t\t\t\t\t\t<\/span>\n\t\t<\/div>\n\t\t\t\t\t\t<\/div>\n\t\t\t\t\t<\/div>\n\t\t<\/div>\n\t\t\t\t<div class=\"elementor-column elementor-col-33 elementor-inner-column elementor-element elementor-element-904b02f\" data-id=\"904b02f\" data-element_type=\"column\">\n\t\t\t<div class=\"elementor-widget-wrap elementor-element-populated\">\n\t\t\t\t\t\t<div class=\"elementor-element elementor-element-ba661fd elementor-widget__width-initial elementor-widget elementor-widget-image\" data-id=\"ba661fd\" data-element_type=\"widget\" data-widget_type=\"image.default\">\n\t\t\t\t\t\t\t\t\t\t\t\t\t\t\t<img decoding=\"async\" width=\"525\" height=\"525\" src=\"https:\/\/poyrazgolden.com\/wp-content\/uploads\/2025\/10\/makine-2-1024x1024.jpeg\" class=\"attachment-large size-large wp-image-1731\" alt=\"\" srcset=\"https:\/\/poyrazgolden.com\/wp-content\/uploads\/2025\/10\/makine-2-1024x1024.jpeg 1024w, https:\/\/poyrazgolden.com\/wp-content\/uploads\/2025\/10\/makine-2-300x300.jpeg 300w, https:\/\/poyrazgolden.com\/wp-content\/uploads\/2025\/10\/makine-2-150x150.jpeg 150w, https:\/\/poyrazgolden.com\/wp-content\/uploads\/2025\/10\/makine-2-768x768.jpeg 768w, https:\/\/poyrazgolden.com\/wp-content\/uploads\/2025\/10\/makine-2-1536x1536.jpeg 1536w, https:\/\/poyrazgolden.com\/wp-content\/uploads\/2025\/10\/makine-2-70x70.jpeg 70w, https:\/\/poyrazgolden.com\/wp-content\/uploads\/2025\/10\/makine-2.jpeg 1600w\" sizes=\"(max-width: 525px) 100vw, 525px\" \/>\t\t\t\t\t\t\t\t\t\t\t\t\t\t\t<\/div>\n\t\t\t\t\t<\/div>\n\t\t<\/div>\n\t\t\t\t<div class=\"elementor-column elementor-col-33 elementor-inner-column elementor-element elementor-element-2c86380\" data-id=\"2c86380\" data-element_type=\"column\">\n\t\t\t<div class=\"elementor-widget-wrap elementor-element-populated\">\n\t\t\t\t\t\t<div class=\"elementor-element elementor-element-d90d449 elementor-widget elementor-widget-heading\" data-id=\"d90d449\" data-element_type=\"widget\" data-widget_type=\"heading.default\">\n\t\t\t\t\t<h2 class=\"elementor-heading-title elementor-size-default\">Makine no: PM1-500DC<\/h2>\t\t\t\t<\/div>\n\t\t\t\t<div class=\"elementor-element elementor-element-b565ae8 elementor-widget-divider--view-line elementor-widget elementor-widget-divider\" data-id=\"b565ae8\" data-element_type=\"widget\" data-widget_type=\"divider.default\">\n\t\t\t\t\t\t\t<div class=\"elementor-divider\">\n\t\t\t<span class=\"elementor-divider-separator\">\n\t\t\t\t\t\t<\/span>\n\t\t<\/div>\n\t\t\t\t\t\t<\/div>\n\t\t\t\t<div class=\"elementor-element elementor-element-0df0a8c elementor-widget elementor-widget-text-editor\" data-id=\"0df0a8c\" data-element_type=\"widget\" data-widget_type=\"text-editor.default\">\n\t\t\t\t\t\t\t\t\t<p class=\"p1\"><b>Golden Chain Ice Lathe makinesi<\/b>, alt\u0131n zincir \u00fcretiminde y\u00fcksek hassasiyetle kullan\u0131lan \u00f6zel bir i\u015fleme makinesidir.<\/p><p class=\"p1\">Bu makine ile <b>d\u00fcz t\u0131ra\u015f, k\u00f6\u015fe\u00a0t\u0131ra\u015f, oluklu t\u0131ra\u015f ve desen t\u0131ra\u015f<\/b> i\u015flemleri profesyonel \u015fekilde yap\u0131labilmektedir. Sa\u011flad\u0131\u011f\u0131 \u00e7ok y\u00f6nl\u00fc kullan\u0131m sayesinde, farkl\u0131 tasar\u0131mlarda ve y\u00fcksek kalitede zincir y\u00fczeyleri elde etmek m\u00fcmk\u00fcnd\u00fcr.<\/p>\t\t\t\t\t\t\t\t<\/div>\n\t\t\t\t\t<\/div>\n\t\t<\/div>\n\t\t\t\t\t<\/div>\n\t\t<\/section>\n\t\t\t\t\t<\/div>\n\t\t<\/div>\n\t\t\t\t\t<\/div>\n\t\t<\/section>\n\t\t\t\t<\/div>\n\t\t","protected":false},"excerpt":{"rendered":"<p>Makine \u00c7e\u015fitleri Elmas U\u00e7lar Makine no: PM1-350DC Golden Chain Ice Lathe makinesi, alt\u0131n zincir \u00fcretiminde kullan\u0131lan \u00f6zel bir i\u015fleme makinesidir. Bu makine ile d\u00fcz t\u0131ra\u015f i\u015flemi y\u00fcksek hassasiyetle yap\u0131l\u0131r ve zincirlere p\u00fcr\u00fczs\u00fcz, estetik bir y\u00fczey kazand\u0131r\u0131l\u0131r. Makine no: PM1-500DC Golden Chain Ice Lathe makinesi, alt\u0131n zincir \u00fcretiminde y\u00fcksek hassasiyetle kullan\u0131lan \u00f6zel bir i\u015fleme makinesidir. Bu [&hellip;]<\/p>\n","protected":false},"author":1,"featured_media":0,"parent":0,"menu_order":0,"comment_status":"closed","ping_status":"closed","template":"tpl-default-elementor.php","meta":{"footnotes":""},"class_list":["post-667","page","type-page","status-publish","hentry"],"_links":{"self":[{"href":"https:\/\/poyrazgolden.com\/index.php?rest_route=\/wp\/v2\/pages\/667","targetHints":{"allow":["GET"]}}],"collection":[{"href":"https:\/\/poyrazgolden.com\/index.php?rest_route=\/wp\/v2\/pages"}],"about":[{"href":"https:\/\/poyrazgolden.com\/index.php?rest_route=\/wp\/v2\/types\/page"}],"author":[{"embeddable":true,"href":"https:\/\/poyrazgolden.com\/index.php?rest_route=\/wp\/v2\/users\/1"}],"replies":[{"embeddable":true,"href":"https:\/\/poyrazgolden.com\/index.php?rest_route=%2Fwp%2Fv2%2Fcomments&post=667"}],"version-history":[{"count":15,"href":"https:\/\/poyrazgolden.com\/index.php?rest_route=\/wp\/v2\/pages\/667\/revisions"}],"predecessor-version":[{"id":1834,"href":"https:\/\/poyrazgolden.com\/index.php?rest_route=\/wp\/v2\/pages\/667\/revisions\/1834"}],"wp:attachment":[{"href":"https:\/\/poyrazgolden.com\/index.php?rest_route=%2Fwp%2Fv2%2Fmedia&parent=667"}],"curies":[{"name":"wp","href":"https:\/\/api.w.org\/{rel}","templated":true}]}}