{"id":870,"date":"2023-07-03T07:52:20","date_gmt":"2023-07-03T07:52:20","guid":{"rendered":"https:\/\/html.tonatheme.com\/wp\/industrypress\/?page_id=870"},"modified":"2025-10-21T07:15:52","modified_gmt":"2025-10-21T07:15:52","slug":"elmas-uclar","status":"publish","type":"page","link":"https:\/\/poyrazgolden.com\/?page_id=870","title":{"rendered":"Elmas U\u00e7lar"},"content":{"rendered":"\t\t<div data-elementor-type=\"wp-page\" data-elementor-id=\"870\" class=\"elementor elementor-870\">\n\t\t\t\t\t\t<section class=\"elementor-section elementor-top-section elementor-element elementor-element-b82f328 elementor-section-full_width elementor-section-height-default elementor-section-height-default\" data-id=\"b82f328\" data-element_type=\"section\">\n\t\t\t\t\t\t<div class=\"elementor-container elementor-column-gap-no\">\n\t\t\t\t\t<div class=\"elementor-column elementor-col-100 elementor-top-column elementor-element elementor-element-c752e1b\" data-id=\"c752e1b\" data-element_type=\"column\">\n\t\t\t<div class=\"elementor-widget-wrap elementor-element-populated\">\n\t\t\t\t\t\t<section class=\"elementor-section elementor-inner-section elementor-element elementor-element-004564f elementor-section-boxed elementor-section-height-default elementor-section-height-default\" data-id=\"004564f\" data-element_type=\"section\">\n\t\t\t\t\t\t<div class=\"elementor-container elementor-column-gap-no\">\n\t\t\t\t\t<div class=\"elementor-column elementor-col-33 elementor-inner-column elementor-element elementor-element-f48f406\" data-id=\"f48f406\" data-element_type=\"column\">\n\t\t\t<div class=\"elementor-widget-wrap elementor-element-populated\">\n\t\t\t\t\t\t<div class=\"elementor-element elementor-element-cc7e287 elementor-widget__width-initial elementor-widget elementor-widget-wpsection_wi_catagory\" data-id=\"cc7e287\" data-element_type=\"widget\" data-widget_type=\"wpsection_wi_catagory.default\">\n\t\t\t\t<div class=\"elementor-widget-container\">\n\t\t\t\t\t\t\t\n\t\t\n\n\t  <script>\n\t  jQuery(document).ready(function($)\n\t  {\n\t \n\t \/\/put the js code under this line \n\t\n\t \/\/put the code above the line \n\t \n\t   });\n\t <\/script>\n<section id=\"solution-single-area\" class=\"chemical-research-area\">\n\t<div class=\"sidebar\">\n\t\t<!--Start single sidebar item-->\n\t\t<div class=\"single-sidebar-item\">\n\t\t\t<ul class=\"solution-categories\">\n\t\t\t\t\t\t\t\t\t\t\t\t<li>\n\t\t\t\t\t<a href=\"https:\/\/poyrazgolden.com\/?page_id=667\">Makine \u00c7e\u015fitleri\t\t\t\t\t\t<i class=\"fas fa-caret-right pull-right\" aria-hidden=\"true\"><\/i>\n\t\t\t\t\t<\/a>\n\t\t\t\t<\/li>\n\t\t\t\t\t\t\t\t\t\t\t\t\t\t\t\t<li class=\"active\">\n\t\t\t\t\t<a href=\"https:\/\/poyrazgolden.com\/?page_id=870\">Elmas U\u00e7lar\t\t\t\t\t\t<i class=\"fas fa-caret-right pull-right\" aria-hidden=\"true\"><\/i>\n\t\t\t\t\t<\/a>\n\t\t\t\t<\/li>\n\t\t\t\t\t\t\t\t\t\t\t<\/ul>    \n\t\t<\/div>\n\t<\/div> \n<\/section>\n\n\n             \n\t\t\t\t\t\t<\/div>\n\t\t\t\t<\/div>\n\t\t\t\t<div class=\"elementor-element elementor-element-da621e6 elementor-widget-divider--view-line elementor-widget elementor-widget-divider\" data-id=\"da621e6\" data-element_type=\"widget\" data-widget_type=\"divider.default\">\n\t\t\t\t\t\t\t<div class=\"elementor-divider\">\n\t\t\t<span class=\"elementor-divider-separator\">\n\t\t\t\t\t\t<\/span>\n\t\t<\/div>\n\t\t\t\t\t\t<\/div>\n\t\t\t\t\t<\/div>\n\t\t<\/div>\n\t\t\t\t<div class=\"elementor-column elementor-col-33 elementor-inner-column elementor-element elementor-element-293aa0a\" data-id=\"293aa0a\" data-element_type=\"column\">\n\t\t\t<div class=\"elementor-widget-wrap elementor-element-populated\">\n\t\t\t\t\t\t<div class=\"elementor-element elementor-element-fd20f56 elementor-widget__width-initial elementor-widget elementor-widget-image\" data-id=\"fd20f56\" data-element_type=\"widget\" data-widget_type=\"image.default\">\n\t\t\t\t\t\t\t\t\t\t\t\t\t\t\t<img fetchpriority=\"high\" decoding=\"async\" width=\"525\" height=\"525\" src=\"https:\/\/poyrazgolden.com\/wp-content\/uploads\/2025\/10\/1.jpeg\" class=\"attachment-large size-large wp-image-1723\" alt=\"\" srcset=\"https:\/\/poyrazgolden.com\/wp-content\/uploads\/2025\/10\/1.jpeg 1000w, https:\/\/poyrazgolden.com\/wp-content\/uploads\/2025\/10\/1-300x300.jpeg 300w, https:\/\/poyrazgolden.com\/wp-content\/uploads\/2025\/10\/1-150x150.jpeg 150w, https:\/\/poyrazgolden.com\/wp-content\/uploads\/2025\/10\/1-768x768.jpeg 768w, https:\/\/poyrazgolden.com\/wp-content\/uploads\/2025\/10\/1-70x70.jpeg 70w\" sizes=\"(max-width: 525px) 100vw, 525px\" \/>\t\t\t\t\t\t\t\t\t\t\t\t\t\t\t<\/div>\n\t\t\t\t<div class=\"elementor-element elementor-element-24f7418 elementor-widget elementor-widget-heading\" data-id=\"24f7418\" data-element_type=\"widget\" data-widget_type=\"heading.default\">\n\t\t\t\t\t<h2 class=\"elementor-heading-title elementor-size-default\">Elmas uc no: 1<\/h2>\t\t\t\t<\/div>\n\t\t\t\t\t<\/div>\n\t\t<\/div>\n\t\t\t\t<div class=\"elementor-column elementor-col-33 elementor-inner-column elementor-element elementor-element-555533a\" data-id=\"555533a\" data-element_type=\"column\">\n\t\t\t<div class=\"elementor-widget-wrap elementor-element-populated\">\n\t\t\t\t\t\t<div class=\"elementor-element elementor-element-ac2faf3 elementor-widget__width-initial elementor-widget elementor-widget-image\" data-id=\"ac2faf3\" data-element_type=\"widget\" data-widget_type=\"image.default\">\n\t\t\t\t\t\t\t\t\t\t\t\t\t\t\t<img decoding=\"async\" width=\"525\" height=\"525\" src=\"https:\/\/poyrazgolden.com\/wp-content\/uploads\/2025\/10\/2.jpeg\" class=\"attachment-large size-large wp-image-1724\" alt=\"\" srcset=\"https:\/\/poyrazgolden.com\/wp-content\/uploads\/2025\/10\/2.jpeg 1000w, https:\/\/poyrazgolden.com\/wp-content\/uploads\/2025\/10\/2-300x300.jpeg 300w, https:\/\/poyrazgolden.com\/wp-content\/uploads\/2025\/10\/2-150x150.jpeg 150w, https:\/\/poyrazgolden.com\/wp-content\/uploads\/2025\/10\/2-768x768.jpeg 768w, https:\/\/poyrazgolden.com\/wp-content\/uploads\/2025\/10\/2-70x70.jpeg 70w\" sizes=\"(max-width: 525px) 100vw, 525px\" \/>\t\t\t\t\t\t\t\t\t\t\t\t\t\t\t<\/div>\n\t\t\t\t<div class=\"elementor-element elementor-element-9e97b22 elementor-widget elementor-widget-heading\" data-id=\"9e97b22\" data-element_type=\"widget\" data-widget_type=\"heading.default\">\n\t\t\t\t\t<h2 class=\"elementor-heading-title elementor-size-default\">Elmas uc no: 2<\/h2>\t\t\t\t<\/div>\n\t\t\t\t\t<\/div>\n\t\t<\/div>\n\t\t\t\t\t<\/div>\n\t\t<\/section>\n\t\t\t\t<section class=\"elementor-section elementor-inner-section elementor-element elementor-element-cfad21d elementor-section-boxed elementor-section-height-default elementor-section-height-default\" data-id=\"cfad21d\" data-element_type=\"section\">\n\t\t\t\t\t\t<div class=\"elementor-container elementor-column-gap-no\">\n\t\t\t\t\t<div class=\"elementor-column elementor-col-33 elementor-inner-column elementor-element elementor-element-9e0aec1\" data-id=\"9e0aec1\" data-element_type=\"column\">\n\t\t\t<div class=\"elementor-widget-wrap elementor-element-populated\">\n\t\t\t\t\t\t<div class=\"elementor-element elementor-element-6679eec elementor-widget-divider--view-line elementor-widget elementor-widget-divider\" data-id=\"6679eec\" data-element_type=\"widget\" data-widget_type=\"divider.default\">\n\t\t\t\t\t\t\t<div class=\"elementor-divider\">\n\t\t\t<span class=\"elementor-divider-separator\">\n\t\t\t\t\t\t<\/span>\n\t\t<\/div>\n\t\t\t\t\t\t<\/div>\n\t\t\t\t\t<\/div>\n\t\t<\/div>\n\t\t\t\t<div class=\"elementor-column elementor-col-33 elementor-inner-column elementor-element elementor-element-65cad07\" data-id=\"65cad07\" data-element_type=\"column\">\n\t\t\t<div class=\"elementor-widget-wrap elementor-element-populated\">\n\t\t\t\t\t\t<div class=\"elementor-element elementor-element-e0cab77 elementor-widget__width-initial elementor-widget elementor-widget-image\" data-id=\"e0cab77\" data-element_type=\"widget\" data-widget_type=\"image.default\">\n\t\t\t\t\t\t\t\t\t\t\t\t\t\t\t<img decoding=\"async\" width=\"525\" height=\"525\" src=\"https:\/\/poyrazgolden.com\/wp-content\/uploads\/2025\/10\/3.jpeg\" class=\"attachment-large size-large wp-image-1725\" alt=\"\" srcset=\"https:\/\/poyrazgolden.com\/wp-content\/uploads\/2025\/10\/3.jpeg 1000w, https:\/\/poyrazgolden.com\/wp-content\/uploads\/2025\/10\/3-300x300.jpeg 300w, https:\/\/poyrazgolden.com\/wp-content\/uploads\/2025\/10\/3-150x150.jpeg 150w, https:\/\/poyrazgolden.com\/wp-content\/uploads\/2025\/10\/3-768x768.jpeg 768w, https:\/\/poyrazgolden.com\/wp-content\/uploads\/2025\/10\/3-70x70.jpeg 70w\" sizes=\"(max-width: 525px) 100vw, 525px\" \/>\t\t\t\t\t\t\t\t\t\t\t\t\t\t\t<\/div>\n\t\t\t\t<div class=\"elementor-element elementor-element-38cf428 elementor-widget__width-initial elementor-widget elementor-widget-heading\" data-id=\"38cf428\" data-element_type=\"widget\" data-widget_type=\"heading.default\">\n\t\t\t\t\t<h2 class=\"elementor-heading-title elementor-size-default\">Elmas uc no-2.5\/140<\/h2>\t\t\t\t<\/div>\n\t\t\t\t\t<\/div>\n\t\t<\/div>\n\t\t\t\t<div class=\"elementor-column elementor-col-33 elementor-inner-column elementor-element elementor-element-dfcdd8d\" data-id=\"dfcdd8d\" data-element_type=\"column\">\n\t\t\t<div class=\"elementor-widget-wrap elementor-element-populated\">\n\t\t\t\t\t\t<div class=\"elementor-element elementor-element-27b9f9c elementor-widget__width-initial elementor-widget elementor-widget-image\" data-id=\"27b9f9c\" data-element_type=\"widget\" data-widget_type=\"image.default\">\n\t\t\t\t\t\t\t\t\t\t\t\t\t\t\t<img loading=\"lazy\" decoding=\"async\" width=\"525\" height=\"525\" src=\"https:\/\/poyrazgolden.com\/wp-content\/uploads\/2025\/10\/4.jpeg\" class=\"attachment-large size-large wp-image-1726\" alt=\"\" srcset=\"https:\/\/poyrazgolden.com\/wp-content\/uploads\/2025\/10\/4.jpeg 1000w, https:\/\/poyrazgolden.com\/wp-content\/uploads\/2025\/10\/4-300x300.jpeg 300w, https:\/\/poyrazgolden.com\/wp-content\/uploads\/2025\/10\/4-150x150.jpeg 150w, https:\/\/poyrazgolden.com\/wp-content\/uploads\/2025\/10\/4-768x768.jpeg 768w, https:\/\/poyrazgolden.com\/wp-content\/uploads\/2025\/10\/4-70x70.jpeg 70w\" sizes=\"(max-width: 525px) 100vw, 525px\" \/>\t\t\t\t\t\t\t\t\t\t\t\t\t\t\t<\/div>\n\t\t\t\t<div class=\"elementor-element elementor-element-1a039ed elementor-widget elementor-widget-heading\" data-id=\"1a039ed\" data-element_type=\"widget\" data-widget_type=\"heading.default\">\n\t\t\t\t\t<h2 class=\"elementor-heading-title elementor-size-default\">Elmas uc no-4\/180<\/h2>\t\t\t\t<\/div>\n\t\t\t\t\t<\/div>\n\t\t<\/div>\n\t\t\t\t\t<\/div>\n\t\t<\/section>\n\t\t\t\t\t<\/div>\n\t\t<\/div>\n\t\t\t\t\t<\/div>\n\t\t<\/section>\n\t\t\t\t<\/div>\n\t\t","protected":false},"excerpt":{"rendered":"<p>Makine \u00c7e\u015fitleri Elmas U\u00e7lar Elmas uc no: 1 Elmas uc no: 2 Elmas uc no-2.5\/140 Elmas uc no-4\/180<\/p>\n","protected":false},"author":1,"featured_media":0,"parent":0,"menu_order":0,"comment_status":"closed","ping_status":"closed","template":"tpl-default-elementor.php","meta":{"footnotes":""},"class_list":["post-870","page","type-page","status-publish","hentry"],"_links":{"self":[{"href":"https:\/\/poyrazgolden.com\/index.php?rest_route=\/wp\/v2\/pages\/870","targetHints":{"allow":["GET"]}}],"collection":[{"href":"https:\/\/poyrazgolden.com\/index.php?rest_route=\/wp\/v2\/pages"}],"about":[{"href":"https:\/\/poyrazgolden.com\/index.php?rest_route=\/wp\/v2\/types\/page"}],"author":[{"embeddable":true,"href":"https:\/\/poyrazgolden.com\/index.php?rest_route=\/wp\/v2\/users\/1"}],"replies":[{"embeddable":true,"href":"https:\/\/poyrazgolden.com\/index.php?rest_route=%2Fwp%2Fv2%2Fcomments&post=870"}],"version-history":[{"count":11,"href":"https:\/\/poyrazgolden.com\/index.php?rest_route=\/wp\/v2\/pages\/870\/revisions"}],"predecessor-version":[{"id":1831,"href":"https:\/\/poyrazgolden.com\/index.php?rest_route=\/wp\/v2\/pages\/870\/revisions\/1831"}],"wp:attachment":[{"href":"https:\/\/poyrazgolden.com\/index.php?rest_route=%2Fwp%2Fv2%2Fmedia&parent=870"}],"curies":[{"name":"wp","href":"https:\/\/api.w.org\/{rel}","templated":true}]}}