{"id":980,"date":"2023-07-04T05:34:30","date_gmt":"2023-07-04T05:34:30","guid":{"rendered":"https:\/\/html.tonatheme.com\/wp\/industrypress\/?page_id=980"},"modified":"2025-10-02T08:32:36","modified_gmt":"2025-10-02T08:32:36","slug":"iletisim","status":"publish","type":"page","link":"https:\/\/poyrazgolden.com\/?page_id=980","title":{"rendered":"\u0130leti\u015fim"},"content":{"rendered":"\t\t<div data-elementor-type=\"wp-page\" data-elementor-id=\"980\" class=\"elementor elementor-980\">\n\t\t\t\t\t\t<section class=\"elementor-section elementor-top-section elementor-element elementor-element-ae6a467 elementor-section-boxed elementor-section-height-default elementor-section-height-default\" data-id=\"ae6a467\" data-element_type=\"section\">\n\t\t\t\t\t\t<div class=\"elementor-container elementor-column-gap-no\">\n\t\t\t\t\t<div class=\"elementor-column elementor-col-50 elementor-top-column elementor-element elementor-element-d909b7a\" data-id=\"d909b7a\" data-element_type=\"column\">\n\t\t\t<div class=\"elementor-widget-wrap elementor-element-populated\">\n\t\t\t\t\t\t<div class=\"elementor-element elementor-element-a4ef379 elementor-widget elementor-widget-heading\" data-id=\"a4ef379\" data-element_type=\"widget\" data-widget_type=\"heading.default\">\n\t\t\t\t\t<h2 class=\"elementor-heading-title elementor-size-default\">\u0130LET\u0130\u015e\u0130M B\u0130LG\u0130LER\u0130<\/h2>\t\t\t\t<\/div>\n\t\t\t\t<div class=\"elementor-element elementor-element-473ddaa elementor-widget elementor-widget-wpsection_contact_details\" data-id=\"473ddaa\" data-element_type=\"widget\" data-widget_type=\"wpsection_contact_details.default\">\n\t\t\t\t<div class=\"elementor-widget-container\">\n\t\t\t\t\t\t\t\n\t\t\n\n\t  <script>\n\t  jQuery(document).ready(function($)\n\t  {\n\t \n\t \/\/put the js code under this line \n\t\n\t function contactInfo() {\n\t\tif ($(\".contact-info-carousel\").length) {\n\t\t\t$(\".contact-info-carousel\").owlCarousel({\n\t\t\t\tloop: true,\n\t\t\t\tmargin: 0,\n\t\t\t\tnav: false,\n\t\t\t\tdots: true,\n\t\t\t\tautoWidth: false,\n\t\t\t\tautoplay: true,\n\t\t\t\tautoplayTimeout: 3000,\n\t\t\t\tautoplayHoverPause: true,\n\t\t\t\tresponsive: {\n\t\t\t\t\t0: {\n\t\t\t\t\t\titems: 1,\n\t\t\t\t\t\tautoWidth: false\n\t\t\t\t\t},\n\t\t\t\t\t480: {\n\t\t\t\t\t\titems: 1,\n\t\t\t\t\t\tautoWidth: false\n\t\t\t\t\t},\n\t\t\t\t\t600: {\n\t\t\t\t\t\titems: 1,\n\t\t\t\t\t\tautoWidth: false\n\t\t\t\t\t},\n\t\t\t\t\t1000: {\n\t\t\t\t\t\titems: 1,\n\t\t\t\t\t\tautoWidth: false\n\t\t\t\t\t}\n\t\t\t\t}\n\t\t\t});\n\t\t};\n\t\t\n\t}\n\n\t \/\/put the code above the line \n\t \n\t   });\n\t <\/script><div class=\"contact-details\">\n    <div class=\"contact-info-carousel owl-theme owl-carousel\">\n                <div class=\"item\">\n            <div class=\"contact-details-title\">\n                <h5>M\u00fc\u015fteri Hizmetleri<\/h5>   \n            <\/div>\n            <ul class=\"contact-info\">\n                <li>\n                    <div class=\"icon-box\">\n                        <span class=\" flaticon-signs\"><\/span>\n                    <\/div>\n                    <div class=\"text-box\">\n                        <p><span>Adres :<\/span> \u00c7oban\u00e7e\u015fme Mh. \u00c7ardak Sk.<br> Sa\u00e7san Sanayi Sitesi No: 16\/4 <br>\nYenibosna - \u0130STANBUL<\/p>\n                    <\/div>\n                <\/li>\n                <li>\n                    <div class=\"icon-box\">\n                        <span class=\" flaticon-email-envelope-back-symbol-on-phone-screen\"><\/span>\n                    <\/div>\n                    <div class=\"text-box\">\n                        <p><span>\u0130leti\u015fim :<\/span> 0537 403 93 05 <br> info@poyrazgolden.com<\/p>\n                    <\/div>\n                <\/li>\n                <li>\n                    <div class=\"icon-box\">\n                        <span class=\" flaticon-clock-1\"><\/span>\n                    <\/div>\n                    <div class=\"text-box\">\n                        <p><span>\u00c7al\u0131\u015fma Saatleri : <\/span>09.00 \/ 18.00<br> \n                                        <span>Pazar : <\/span>Kapal\u0131<\/p>\n                    <\/div>\n                <\/li>\n            <\/ul>\t\t\t\t\t\n        <\/div>\n            <\/div>\n<\/div>\n             \n\t\t\t\t\t\t<\/div>\n\t\t\t\t<\/div>\n\t\t\t\t\t<\/div>\n\t\t<\/div>\n\t\t\t\t<div class=\"elementor-column elementor-col-50 elementor-top-column elementor-element elementor-element-3cdf26c\" data-id=\"3cdf26c\" data-element_type=\"column\">\n\t\t\t<div class=\"elementor-widget-wrap elementor-element-populated\">\n\t\t\t\t\t\t<div class=\"elementor-element elementor-element-6d60e70 elementor-widget elementor-widget-heading\" data-id=\"6d60e70\" data-element_type=\"widget\" data-widget_type=\"heading.default\">\n\t\t\t\t\t<h2 class=\"elementor-heading-title elementor-size-default\">\u0130LET\u0130\u015e\u0130M FORMU<\/h2>\t\t\t\t<\/div>\n\t\t\t\t<div class=\"elementor-element elementor-element-6eed1d9 elementor-widget-divider--view-line elementor-widget elementor-widget-divider\" data-id=\"6eed1d9\" data-element_type=\"widget\" data-widget_type=\"divider.default\">\n\t\t\t\t\t\t\t<div class=\"elementor-divider\">\n\t\t\t<span class=\"elementor-divider-separator\">\n\t\t\t\t\t\t<\/span>\n\t\t<\/div>\n\t\t\t\t\t\t<\/div>\n\t\t\t\t<div class=\"elementor-element elementor-element-42dd6af elementor-widget elementor-widget-heading\" data-id=\"42dd6af\" data-element_type=\"widget\" data-widget_type=\"heading.default\">\n\t\t\t\t\t<h3 class=\"elementor-heading-title elementor-size-default\">Hert\u00fcrl\u00fc \u00f6neri ve \u015fikayetleriniz i\u00e7in ileti\u015fime ge\u00e7ebilirisniz...<\/h3>\t\t\t\t<\/div>\n\t\t\t\t<div class=\"elementor-element elementor-element-227044f elementor-widget elementor-widget-shortcode\" data-id=\"227044f\" data-element_type=\"widget\" data-widget_type=\"shortcode.default\">\n\t\t\t\t\t\t\t<div class=\"elementor-shortcode\">\n<div class=\"wpcf7 no-js\" id=\"wpcf7-f1002-o1\" lang=\"en-US\" dir=\"ltr\" data-wpcf7-id=\"1002\">\n<div class=\"screen-reader-response\"><p role=\"status\" aria-live=\"polite\" aria-atomic=\"true\"><\/p> <ul><\/ul><\/div>\n<form action=\"\/index.php?rest_route=%2Fwp%2Fv2%2Fpages%2F980#wpcf7-f1002-o1\" method=\"post\" class=\"wpcf7-form init\" aria-label=\"Contact form\" novalidate=\"novalidate\" data-status=\"init\">\n<fieldset class=\"hidden-fields-container\"><input type=\"hidden\" name=\"_wpcf7\" value=\"1002\" \/><input type=\"hidden\" name=\"_wpcf7_version\" value=\"6.1.2\" \/><input type=\"hidden\" name=\"_wpcf7_locale\" value=\"en_US\" \/><input type=\"hidden\" name=\"_wpcf7_unit_tag\" value=\"wpcf7-f1002-o1\" \/><input type=\"hidden\" name=\"_wpcf7_container_post\" value=\"0\" \/><input type=\"hidden\" name=\"_wpcf7_posted_data_hash\" value=\"\" \/>\n<\/fieldset>\n<div class=\"col-md-12 col-sm-12 col-xs-12\">\n\t<div class=\"send-message-form\">\n\t\t<div class=\"contact-form\">\n\t\t\t<div class=\"row\">\n\t\t\t\t<div class=\"col-md-6\">\n\t\t\t\t\t<p><span class=\"wpcf7-form-control-wrap\" data-name=\"menu-221\"><select class=\"wpcf7-form-control wpcf7-select wpcf7-validates-as-required\" aria-required=\"true\" aria-invalid=\"false\" name=\"menu-221\"><option value=\"Teknik Servis\">Teknik Servis<\/option><option value=\"Makine Al\u0131m\u0131\">Makine Al\u0131m\u0131<\/option><option value=\"Yedek Par\u00e7a\">Yedek Par\u00e7a<\/option><option value=\"Finans\">Finans<\/option><\/select><\/span>\n\t\t\t\t\t<\/p>\n\t\t\t\t<\/div>\n\t\t\t\t<div class=\"col-md-6\">\n\t\t\t\t\t<p><span class=\"wpcf7-form-control-wrap\" data-name=\"text-983\"><input size=\"40\" maxlength=\"400\" class=\"wpcf7-form-control wpcf7-text wpcf7-validates-as-required\" aria-required=\"true\" aria-invalid=\"false\" placeholder=\"Ad\u0131n\u0131z *\" value=\"\" type=\"text\" name=\"text-983\" \/><\/span>\n\t\t\t\t\t<\/p>\n\t\t\t\t<\/div>\n\t\t\t<\/div>\n\t\t\t<div class=\"row\">\n\t\t\t\t<div class=\"col-md-6\">\n\t\t\t\t\t<p><span class=\"wpcf7-form-control-wrap\" data-name=\"email-799\"><input size=\"40\" maxlength=\"400\" class=\"wpcf7-form-control wpcf7-text wpcf7-validates-as-required\" aria-required=\"true\" aria-invalid=\"false\" placeholder=\"Mail *\" value=\"\" type=\"text\" name=\"email-799\" \/><\/span>\n\t\t\t\t\t<\/p>\n\t\t\t\t<\/div>\n\t\t\t\t<div class=\"col-md-6\">\n\t\t\t\t\t<p><span class=\"wpcf7-form-control-wrap\" data-name=\"tel-812\"><input size=\"40\" maxlength=\"400\" class=\"wpcf7-form-control wpcf7-text wpcf7-validates-as-required\" aria-required=\"true\" aria-invalid=\"false\" placeholder=\"Telefon\" value=\"\" type=\"text\" name=\"tel-812\" \/><\/span>\n\t\t\t\t\t<\/p>\n\t\t\t\t<\/div>\n\t\t\t<\/div>\n\t\t\t<div class=\"row\">\n\t\t\t\t<div class=\"col-md-12\">\n\t\t\t\t\t<p><span class=\"wpcf7-form-control-wrap\" data-name=\"textarea-381\"><textarea cols=\"40\" rows=\"10\" maxlength=\"2000\" class=\"wpcf7-form-control wpcf7-textarea wpcf7-validates-as-required\" aria-required=\"true\" aria-invalid=\"false\" placeholder=\"Mesaj i\u00e7eri\u011fi...\" name=\"textarea-381\"><\/textarea><\/span>\n\t\t\t\t\t<\/p>\n\t\t\t\t<\/div>\n\t\t\t<\/div>\n\t\t\t<div class=\"row\">\n\t\t\t\t<div class=\"col-md-12\">\n\t\t\t\t\t<p><button class=\"thm-btn yellow-bg\" type=\"submit\">G\u00f6nder<\/button>\n\t\t\t\t\t<\/p>\n\t\t\t\t<\/div>\n\t\t\t<\/div>\n\t\t<\/div>\n\t<\/div>\n<\/div><div class=\"wpcf7-response-output\" aria-hidden=\"true\"><\/div>\n<\/form>\n<\/div>\n<\/div>\n\t\t\t\t\t\t<\/div>\n\t\t\t\t\t<\/div>\n\t\t<\/div>\n\t\t\t\t\t<\/div>\n\t\t<\/section>\n\t\t\t\t<section class=\"elementor-section elementor-top-section elementor-element elementor-element-56c62d4 elementor-section-full_width elementor-section-height-default elementor-section-height-default\" data-id=\"56c62d4\" data-element_type=\"section\">\n\t\t\t\t\t\t<div class=\"elementor-container elementor-column-gap-no\">\n\t\t\t\t\t<div class=\"elementor-column elementor-col-100 elementor-top-column elementor-element elementor-element-7494a8f\" data-id=\"7494a8f\" data-element_type=\"column\">\n\t\t\t<div class=\"elementor-widget-wrap elementor-element-populated\">\n\t\t\t\t\t\t<div class=\"elementor-element elementor-element-c7b75c3 elementor-widget elementor-widget-google_maps\" data-id=\"c7b75c3\" data-element_type=\"widget\" data-widget_type=\"google_maps.default\">\n\t\t\t\t\t\t\t<div class=\"elementor-custom-embed\">\n\t\t\t<iframe loading=\"lazy\"\n\t\t\t\t\tsrc=\"https:\/\/maps.google.com\/maps?q=sa%C3%A7san%20sanayi%20sitesi&#038;t=m&#038;z=13&#038;output=embed&#038;iwloc=near\"\n\t\t\t\t\ttitle=\"sa\u00e7san sanayi sitesi\"\n\t\t\t\t\taria-label=\"sa\u00e7san sanayi sitesi\"\n\t\t\t><\/iframe>\n\t\t<\/div>\n\t\t\t\t\t\t<\/div>\n\t\t\t\t\t<\/div>\n\t\t<\/div>\n\t\t\t\t\t<\/div>\n\t\t<\/section>\n\t\t\t\t<\/div>\n\t\t","protected":false},"excerpt":{"rendered":"<p>\u0130LET\u0130\u015e\u0130M B\u0130LG\u0130LER\u0130 M\u00fc\u015fteri Hizmetleri Adres : \u00c7oban\u00e7e\u015fme Mh. \u00c7ardak Sk. Sa\u00e7san Sanayi Sitesi No: 16\/4 Yenibosna &#8211; \u0130STANBUL \u0130leti\u015fim : 0537 403 93 05 info@poyrazgolden.com \u00c7al\u0131\u015fma Saatleri : 09.00 \/ 18.00 Pazar : Kapal\u0131 \u0130LET\u0130\u015e\u0130M FORMU Hert\u00fcrl\u00fc \u00f6neri ve \u015fikayetleriniz i\u00e7in ileti\u015fime ge\u00e7ebilirisniz&#8230;<\/p>\n","protected":false},"author":1,"featured_media":0,"parent":0,"menu_order":0,"comment_status":"closed","ping_status":"closed","template":"tpl-default-elementor.php","meta":{"footnotes":""},"class_list":["post-980","page","type-page","status-publish","hentry"],"_links":{"self":[{"href":"https:\/\/poyrazgolden.com\/index.php?rest_route=\/wp\/v2\/pages\/980","targetHints":{"allow":["GET"]}}],"collection":[{"href":"https:\/\/poyrazgolden.com\/index.php?rest_route=\/wp\/v2\/pages"}],"about":[{"href":"https:\/\/poyrazgolden.com\/index.php?rest_route=\/wp\/v2\/types\/page"}],"author":[{"embeddable":true,"href":"https:\/\/poyrazgolden.com\/index.php?rest_route=\/wp\/v2\/users\/1"}],"replies":[{"embeddable":true,"href":"https:\/\/poyrazgolden.com\/index.php?rest_route=%2Fwp%2Fv2%2Fcomments&post=980"}],"version-history":[{"count":20,"href":"https:\/\/poyrazgolden.com\/index.php?rest_route=\/wp\/v2\/pages\/980\/revisions"}],"predecessor-version":[{"id":1823,"href":"https:\/\/poyrazgolden.com\/index.php?rest_route=\/wp\/v2\/pages\/980\/revisions\/1823"}],"wp:attachment":[{"href":"https:\/\/poyrazgolden.com\/index.php?rest_route=%2Fwp%2Fv2%2Fmedia&parent=980"}],"curies":[{"name":"wp","href":"https:\/\/api.w.org\/{rel}","templated":true}]}}